{"id":937,"date":"2025-11-05T19:41:26","date_gmt":"2025-11-05T18:41:26","guid":{"rendered":"https:\/\/lux.uates.nl\/?page_id=937"},"modified":"2025-11-05T19:43:15","modified_gmt":"2025-11-05T18:43:15","slug":"lux","status":"publish","type":"page","link":"https:\/\/uates.nl\/en\/lux\/","title":{"rendered":"Lux"},"content":{"rendered":"<div class=\"wp-block-cover\" style=\"min-height:500px;aspect-ratio:unset;\"><img loading=\"lazy\" decoding=\"async\" width=\"1024\" height=\"574\" class=\"wp-block-cover__image-background wp-image-456 size-large\" alt=\"\" src=\"https:\/\/lux.uates.nl\/wp-content\/uploads\/2025\/10\/AdobeStock_1528680371-1024x574.jpeg\" style=\"object-position:50% 35%\" data-object-fit=\"cover\" data-object-position=\"50% 35%\" srcset=\"https:\/\/uates.nl\/wp-content\/uploads\/2025\/10\/AdobeStock_1528680371-1024x574.jpeg 1024w, https:\/\/uates.nl\/wp-content\/uploads\/2025\/10\/AdobeStock_1528680371-300x168.jpeg 300w, https:\/\/uates.nl\/wp-content\/uploads\/2025\/10\/AdobeStock_1528680371-768x430.jpeg 768w, https:\/\/uates.nl\/wp-content\/uploads\/2025\/10\/AdobeStock_1528680371-1536x861.jpeg 1536w, https:\/\/uates.nl\/wp-content\/uploads\/2025\/10\/AdobeStock_1528680371-2048x1148.jpeg 2048w\" sizes=\"auto, (max-width: 1024px) 100vw, 1024px\" \/><span aria-hidden=\"true\" class=\"wp-block-cover__background has-custom-color-7-background-color has-background-dim-0 has-background-dim\"><\/span><div class=\"wp-block-cover__inner-container has-global-padding is-layout-constrained wp-block-cover-is-layout-constrained\">\n<p class=\"has-text-align-center has-large-font-size\"><\/p>\n<\/div><\/div>\n\n\n\n<div class=\"wp-block-group has-global-padding is-layout-constrained wp-container-core-group-is-layout-36e30fdd wp-block-group-is-layout-constrained\" style=\"margin-right:var(--wp--preset--spacing--superbspacing-xlarge);margin-left:var(--wp--preset--spacing--superbspacing-xlarge);padding-top:var(--wp--preset--spacing--superbspacing-xsmall);padding-right:0;padding-bottom:var(--wp--preset--spacing--superbspacing-medium);padding-left:0\">\n<h2 class=\"wp-block-heading\" style=\"padding-top:var(--wp--preset--spacing--superbspacing-xsmall);padding-bottom:var(--wp--preset--spacing--superbspacing-xsmall)\"><strong>Always near<\/strong><\/h2>\n\n\n\n<h3 class=\"wp-block-heading has-contrast-color has-text-color has-superbfont-xlarge-font-size\" style=\"margin-right:0;margin-left:0;padding-top:0;padding-right:0;padding-bottom:0;padding-left:0\">U\u0101t\u0113s LUX &#8211; jouw personal assistant<\/h3>\n\n\n\n<pre id=\"tw-target-text\" class=\"wp-block-preformatted has-poppins-font-family\" style=\"margin-right:0;margin-left:0;padding-right:0;padding-left:0\"><br>U\u0101t\u0113s Lux is your understanding and pleasantly clear sparring partner in your pocket: 24\/7 access to all u\u0101t\u0113s wisdom, exactly when you need to decide, interpret or limit. This chat box reflects from the u\u0101t\u0113s leadership vision on your specific questions and gives you direct action perspectives: from undercurrent to upstream, from insight to action, without detours.<br><br>Ask your question - strategic, professional or personal - and receive compact reflections with concrete next steps that fit your context and rhythm.<br>Je krijgt taal die spanning kan dragen, voorbeelden die ertoe doen en interventies die je team vandaag al kan proberen. U\u0101t\u0113s Lux is geen databank, maar jouw persoonlijke coach: een spiegel en gidsh die je persoonlijke drijfveren, patronen en gedrag verbindt aan resultaat. Zo ondersteunt hij je leerreis als dubbele helix: je ontwikkelt jezelf \u00e9n je organisatie in \u00e9\u00e9n beweging.<br><br>Of je nu een directiebesluit overweegt, een lastig gesprek wilt voorbereiden of een veranderprogramma wilt borgen: je krijgt heldere kaders, taal en interventies die werken. Met U\u0101t\u0113s Lux ben je altijd verbonden met een onuitputtelijke bron in een veilige bedding \u2013 precies genoeg frictie om te groeien, precies genoeg steun om te landen. Kortom: \u00e9\u00e9n klik, \u00e9\u00e9n gesprek, \u00e9\u00e9n nieuwe beweging richting congruent leiderschap en duurzame meerwaarde!<br><br>&lt;&lt;HIER EEN BLOK TOEVOEGEN MET INLOGGEN VOOR EN GEBRUIK VAN LUX&gt;&gt;<\/pre>\n<\/div>","protected":false},"excerpt":{"rendered":"<p>Altijd nabij U\u0101t\u0113s LUX &#8211; jouw personal assistant U\u0101t\u0113s Lux is je begripvolle \u00e9n prettig duidelijke sparringpartner in je broekzak: 24\/7 toegang tot alle u\u0101t\u0113s-wijsheid, precies op het moment dat je moet besluiten, duiden of begrenzen. Deze chatbox reflecteert vanuit de leiderschapsvisie van u\u0101t\u0113s op jouw specifieke vragen en geeft je directe handelingsperspectieven: van onderstroom [&hellip;]<\/p>\n","protected":false},"author":2,"featured_media":0,"parent":0,"menu_order":0,"comment_status":"closed","ping_status":"closed","template":"subpagina-uates","meta":{"footnotes":""},"class_list":["post-937","page","type-page","status-publish","hentry"],"_links":{"self":[{"href":"https:\/\/uates.nl\/en\/wp-json\/wp\/v2\/pages\/937","targetHints":{"allow":["GET"]}}],"collection":[{"href":"https:\/\/uates.nl\/en\/wp-json\/wp\/v2\/pages"}],"about":[{"href":"https:\/\/uates.nl\/en\/wp-json\/wp\/v2\/types\/page"}],"author":[{"embeddable":true,"href":"https:\/\/uates.nl\/en\/wp-json\/wp\/v2\/users\/2"}],"replies":[{"embeddable":true,"href":"https:\/\/uates.nl\/en\/wp-json\/wp\/v2\/comments?post=937"}],"version-history":[{"count":4,"href":"https:\/\/uates.nl\/en\/wp-json\/wp\/v2\/pages\/937\/revisions"}],"predecessor-version":[{"id":942,"href":"https:\/\/uates.nl\/en\/wp-json\/wp\/v2\/pages\/937\/revisions\/942"}],"wp:attachment":[{"href":"https:\/\/uates.nl\/en\/wp-json\/wp\/v2\/media?parent=937"}],"curies":[{"name":"wp","href":"https:\/\/api.w.org\/{rel}","templated":true}]}}